{"id":1449,"date":"2019-02-07T12:32:49","date_gmt":"2019-02-07T11:32:49","guid":{"rendered":"https:\/\/www.alsocasals.com\/?page_id=1449"},"modified":"2023-07-10T08:47:36","modified_gmt":"2023-07-10T06:47:36","slug":"contacto","status":"publish","type":"page","link":"https:\/\/www.ac-inst.com\/es\/contacto\/","title":{"rendered":"Contacto"},"content":{"rendered":"<p>[et_pb_section fb_built=\u00bb1&#8243; fullwidth=\u00bbon\u00bb _builder_version=\u00bb4.16&#8243; global_colors_info=\u00bb{}\u00bb][et_pb_fullwidth_code _builder_version=\u00bb4.21.0&#8243; _module_preset=\u00bbdefault\u00bb max_height=\u00bb450px\u00bb hover_enabled=\u00bb0&#8243; sticky_enabled=\u00bb0&#8243;]<iframe src=\"https:\/\/www.google.com\/maps\/embed?pb=!1m18!1m12!1m3!1d96608.96770010279!2d0.4589011428913327!3d40.82729942762697!2m3!1f0!2f0!3f0!3m2!1i1024!2i768!4f13.1!3m3!1m2!1s0x12a0e4aa654b4d97%3A0x20a964aa5281f54e!2sAlso%20Casals%20S.L.!5e0!3m2!1sca!2ses!4v1688970883352!5m2!1sca!2ses\" width=\"100%\" height=\"450\" style=\"border:0;\" allowfullscreen=\"\" loading=\"lazy\" referrerpolicy=\"no-referrer-when-downgrade\"><\/iframe>[\/et_pb_fullwidth_code][\/et_pb_section][et_pb_section fb_built=\u00bb1&#8243; _builder_version=\u00bb4.16&#8243; global_colors_info=\u00bb{}\u00bb][et_pb_row column_structure=\u00bb2_3,1_3&#8243; module_id=\u00bbcontact-form-row\u00bb _builder_version=\u00bb4.16&#8243; global_colors_info=\u00bb{}\u00bb][et_pb_column type=\u00bb2_3&#8243; _builder_version=\u00bb4.16&#8243; custom_padding=\u00bb|||\u00bb global_colors_info=\u00bb{}\u00bb custom_padding__hover=\u00bb|||\u00bb][et_pb_text _builder_version=\u00bb4.16&#8243; border_style=\u00bbsolid\u00bb global_colors_info=\u00bb{}\u00bb]<\/p>\n<h3 class=\"form-title\">Estamos en contacto<\/h3>\n<p>[\/et_pb_text][et_pb_text module_class=\u00bbcontacte__formulari\u00bb _builder_version=\u00bb4.16&#8243; global_colors_info=\u00bb{}\u00bb]\n<div class=\"wpcf7 no-js\" id=\"wpcf7-f1447-o1\" lang=\"es-ES\" dir=\"ltr\" data-wpcf7-id=\"1447\">\n<div class=\"screen-reader-response\"><p role=\"status\" aria-live=\"polite\" aria-atomic=\"true\"><\/p> <ul><\/ul><\/div>\n<form action=\"\/es\/wp-json\/wp\/v2\/pages\/1449#wpcf7-f1447-o1\" method=\"post\" class=\"wpcf7-form init wpcf7-acceptance-as-validation\" aria-label=\"Formulario de contacto\" novalidate=\"novalidate\" data-status=\"init\">\n<fieldset class=\"hidden-fields-container\"><input type=\"hidden\" name=\"_wpcf7\" value=\"1447\" \/><input type=\"hidden\" name=\"_wpcf7_version\" value=\"6.1.5\" \/><input type=\"hidden\" name=\"_wpcf7_locale\" value=\"es_ES\" \/><input type=\"hidden\" name=\"_wpcf7_unit_tag\" value=\"wpcf7-f1447-o1\" \/><input type=\"hidden\" name=\"_wpcf7_container_post\" value=\"0\" \/><input type=\"hidden\" name=\"_wpcf7_posted_data_hash\" value=\"\" \/>\n<\/fieldset>\n<div class=\"et_pb_contact\">\n\t<div class=\"et_pb_contact_form\">\n\t\t<p class=\"et_pb_contact_field et_pb_contact_field_last\"><span class=\"wpcf7-form-control-wrap\" data-name=\"your-name\"><input size=\"40\" maxlength=\"400\" class=\"wpcf7-form-control wpcf7-text wpcf7-validates-as-required\" aria-required=\"true\" aria-invalid=\"false\" placeholder=\"Nombre\" value=\"\" type=\"text\" name=\"your-name\" \/><\/span>\n\t\t<\/p>\n\t\t<p class=\"et_pb_contact_field et_pb_contact_field_half\"><span class=\"wpcf7-form-control-wrap\" data-name=\"your-email\"><input size=\"40\" maxlength=\"400\" class=\"wpcf7-form-control wpcf7-email wpcf7-validates-as-required wpcf7-text wpcf7-validates-as-email\" aria-required=\"true\" aria-invalid=\"false\" placeholder=\"Correo electr\u00f3nico\" value=\"\" type=\"email\" name=\"your-email\" \/><\/span>\n\t\t<\/p>\n\t\t<p class=\"et_pb_contact_field et_pb_contact_field_half et_pb_contact_field_last\"><span class=\"wpcf7-form-control-wrap\" data-name=\"tel-650\"><input size=\"40\" maxlength=\"400\" class=\"wpcf7-form-control wpcf7-text\" aria-invalid=\"false\" placeholder=\"Tel\u00e9fono\" value=\"\" type=\"text\" name=\"tel-650\" \/><\/span>\n\t\t<\/p>\n\t\t<p class=\"et_pb_contact_field et_pb_contact_field_last\"><span class=\"wpcf7-form-control-wrap\" data-name=\"your-message\"><textarea cols=\"40\" rows=\"10\" maxlength=\"2000\" class=\"wpcf7-form-control wpcf7-textarea\" aria-invalid=\"false\" placeholder=\"Mensaje\" name=\"your-message\"><\/textarea><\/span>\n\t\t<\/p>\n\t<\/div>\n<\/div>\n<div class=\"et_pb_module et_pb_toggle et_pb_toggle_0 et_pb_toggle_item et_pb_toggle_close\">\n\t<h5 class=\"et_pb_toggle_title\">Leer el consentimiento para el tratamiento de datos personales\n\t<\/h5>\n\t<div class=\"et_pb_toggle_content clearfix\" style=\"display: none;\">\n\t\t<p>De conformidad con lo establecido en la Ley Org\u00e1nica 15\/1999, de 13 de diciembre, de Protecci\u00f3n de Datos de car\u00e1cter personal, autorizo la inclusi\u00f3n de mis datos en un fichero del que es titular ALSO CASALS INSTAL\u00b7LACIONS SL, y que \u00e9stas sean utilizadas para a la finalidad de la gesti\u00f3n comercial y el env\u00edo de comunicaciones de nuestros productos y \/ o servicios.\n\t\t<\/p>\n\t\t<p>Del mismo modo, declaro estar informado sobre los derechos de acceso, rectificaci\u00f3n, cancelaci\u00f3n y oposici\u00f3n, as\u00ed como de revocaci\u00f3n del consentimiento previamente aceptado, que podr\u00e9 ejercitar en el domicilio de ALSO CASALS INSTAL\u00b7LACIONS SL, a Carrer Barcelona, 74 - 43500 Tortosa, o bien enviando un mensaje a la direcci\u00f3n de correo electr\u00f3nico ralsoj@ac-inst.com\n\t\t<\/p>\n\t<\/div>\n<\/div>\n<div class=\"politica-contacta\">\n\t<p><span class=\"wpcf7-form-control-wrap\" data-name=\"your-consent\"><span class=\"wpcf7-form-control wpcf7-acceptance\"><span class=\"wpcf7-list-item\"><label><input type=\"checkbox\" name=\"your-consent\" value=\"1\" aria-invalid=\"false\" \/><span class=\"wpcf7-list-item-label\">He le\u00eddo y acepto la <a href=\"https:\/\/www.ac-inst.com\/es\/politica-de-privacidad\/\" target=\"_blank\">Pol\u00edtica de privacidad<\/a>.<\/span><\/label><\/span><\/span><\/span>\n\t<\/p>\n<\/div>\n<div class=\"et_contact_bottom_container\">\n\t<div style=\"margin-bottom:20px;margin-top:20px;\">\n\t\t<p>Captcha <span class=\"wpcf7-form-control-wrap captcha-910\">&#50;4 + <input size=\"2\" maxlength=\"2\" class=\"wpcf7-form-control wpcf7-mathcaptcha\" aria-required=\"true\" type=\"text\" name=\"captcha-910\" value=\"\" \/> = &#x33;3<\/span><input type=\"hidden\" value=\"0\" name=\"captcha-910-sn\" \/>\n\t\t<\/p>\n\t<\/div>\n\t<p><input class=\"wpcf7-form-control wpcf7-submit has-spinner et_pb_contact_submit et_pb_button\" type=\"submit\" value=\"Enviar\" \/>\n\t<\/p>\n<\/div><div class=\"wpcf7-response-output\" aria-hidden=\"true\"><\/div>\n<\/form>\n<\/div>\n[\/et_pb_text][\/et_pb_column][et_pb_column type=\u00bb1_3&#8243; _builder_version=\u00bb4.16&#8243; custom_padding=\u00bb|||\u00bb global_colors_info=\u00bb{}\u00bb custom_padding__hover=\u00bb|||\u00bb][et_pb_text module_class=\u00bbP-Esquerra\u00bb _builder_version=\u00bb4.16&#8243; background_size=\u00bbinitial\u00bb background_position=\u00bbtop_left\u00bb background_repeat=\u00bbrepeat\u00bb border_style=\u00bbsolid\u00bb global_colors_info=\u00bb{}\u00bb]<\/p>\n<h3>M\u00e1s info<\/h3>\n<p><b>Direcci\u00f3n:<\/b> C\/ Barcelona s\/n 43500 Tortosa. TGN<\/p>\n<p><b>Tel\u00e9fono:<\/b> +34 977 445 339<\/p>\n<p><b>M\u00f3vil:<\/b> +34 607 333 789<\/p>\n<p>[\/et_pb_text][et_pb_image src=\u00bbhttps:\/\/www.ac-inst.com\/wp-content\/uploads\/2019\/01\/innovacioserveisqualitat.png\u00bb _builder_version=\u00bb4.16&#8243; max_width=\u00bb65%\u00bb max_width_tablet=\u00bb45%\u00bb max_width_phone=\u00bb\u00bb max_width_last_edited=\u00bbon|tablet\u00bb always_center_on_mobile=\u00bboff\u00bb global_colors_info=\u00bb{}\u00bb][\/et_pb_image][\/et_pb_column][\/et_pb_row][\/et_pb_section]<\/p>\n","protected":false},"excerpt":{"rendered":"<p>Estamos en contacto \n<div class=\"wpcf7 no-js\" id=\"wpcf7-f1447-o2\" lang=\"es-ES\" dir=\"ltr\" data-wpcf7-id=\"1447\">\n<div class=\"screen-reader-response\"><p role=\"status\" aria-live=\"polite\" aria-atomic=\"true\"><\/p> <ul><\/ul><\/div>\n<form action=\"\/es\/wp-json\/wp\/v2\/pages\/1449#wpcf7-f1447-o2\" method=\"post\" class=\"wpcf7-form init wpcf7-acceptance-as-validation\" aria-label=\"Formulario de contacto\" novalidate=\"novalidate\" data-status=\"init\">\n<fieldset class=\"hidden-fields-container\"><input type=\"hidden\" name=\"_wpcf7\" value=\"1447\" \/><input type=\"hidden\" name=\"_wpcf7_version\" value=\"6.1.5\" \/><input type=\"hidden\" name=\"_wpcf7_locale\" value=\"es_ES\" \/><input type=\"hidden\" name=\"_wpcf7_unit_tag\" value=\"wpcf7-f1447-o2\" \/><input type=\"hidden\" name=\"_wpcf7_container_post\" value=\"0\" \/><input type=\"hidden\" name=\"_wpcf7_posted_data_hash\" value=\"\" \/>\n<\/fieldset>\n<div class=\"et_pb_contact\">\n\t<div class=\"et_pb_contact_form\">\n\t\t<p class=\"et_pb_contact_field et_pb_contact_field_last\"><span class=\"wpcf7-form-control-wrap\" data-name=\"your-name\"><input size=\"40\" maxlength=\"400\" class=\"wpcf7-form-control wpcf7-text wpcf7-validates-as-required\" aria-required=\"true\" aria-invalid=\"false\" placeholder=\"Nombre\" value=\"\" type=\"text\" name=\"your-name\" \/><\/span>\n\t\t<\/p>\n\t\t<p class=\"et_pb_contact_field et_pb_contact_field_half\"><span class=\"wpcf7-form-control-wrap\" data-name=\"your-email\"><input size=\"40\" maxlength=\"400\" class=\"wpcf7-form-control wpcf7-email wpcf7-validates-as-required wpcf7-text wpcf7-validates-as-email\" aria-required=\"true\" aria-invalid=\"false\" placeholder=\"Correo electr\u00f3nico\" value=\"\" type=\"email\" name=\"your-email\" \/><\/span>\n\t\t<\/p>\n\t\t<p class=\"et_pb_contact_field et_pb_contact_field_half et_pb_contact_field_last\"><span class=\"wpcf7-form-control-wrap\" data-name=\"tel-650\"><input size=\"40\" maxlength=\"400\" class=\"wpcf7-form-control wpcf7-text\" aria-invalid=\"false\" placeholder=\"Tel\u00e9fono\" value=\"\" type=\"text\" name=\"tel-650\" \/><\/span>\n\t\t<\/p>\n\t\t<p class=\"et_pb_contact_field et_pb_contact_field_last\"><span class=\"wpcf7-form-control-wrap\" data-name=\"your-message\"><textarea cols=\"40\" rows=\"10\" maxlength=\"2000\" class=\"wpcf7-form-control wpcf7-textarea\" aria-invalid=\"false\" placeholder=\"Mensaje\" name=\"your-message\"><\/textarea><\/span>\n\t\t<\/p>\n\t<\/div>\n<\/div>\n<div class=\"et_pb_module et_pb_toggle et_pb_toggle_0 et_pb_toggle_item et_pb_toggle_close\">\n\t<h5 class=\"et_pb_toggle_title\">Leer el consentimiento para el tratamiento de datos personales\n\t<\/h5>\n\t<div class=\"et_pb_toggle_content clearfix\" style=\"display: none;\">\n\t\t<p>De conformidad con lo establecido en la Ley Org\u00e1nica 15\/1999, de 13 de diciembre, de Protecci\u00f3n de Datos de car\u00e1cter personal, autorizo la inclusi\u00f3n de mis datos en un fichero del que es titular ALSO CASALS INSTAL\u00b7LACIONS SL, y que \u00e9stas sean utilizadas para a la finalidad de la gesti\u00f3n comercial y el env\u00edo de comunicaciones de nuestros productos y \/ o servicios.\n\t\t<\/p>\n\t\t<p>Del mismo modo, declaro estar informado sobre los derechos de acceso, rectificaci\u00f3n, cancelaci\u00f3n y oposici\u00f3n, as\u00ed como de revocaci\u00f3n del consentimiento previamente aceptado, que podr\u00e9 ejercitar en el domicilio de ALSO CASALS INSTAL\u00b7LACIONS SL, a Carrer Barcelona, 74 - 43500 Tortosa, o bien enviando un mensaje a la direcci\u00f3n de correo electr\u00f3nico ralsoj@ac-inst.com\n\t\t<\/p>\n\t<\/div>\n<\/div>\n<div class=\"politica-contacta\">\n\t<p><span class=\"wpcf7-form-control-wrap\" data-name=\"your-consent\"><span class=\"wpcf7-form-control wpcf7-acceptance\"><span class=\"wpcf7-list-item\"><label><input type=\"checkbox\" name=\"your-consent\" value=\"1\" aria-invalid=\"false\" \/><span class=\"wpcf7-list-item-label\">He le\u00eddo y acepto la <a href=\"https:\/\/www.ac-inst.com\/es\/politica-de-privacidad\/\" target=\"_blank\">Pol\u00edtica de privacidad<\/a>.<\/span><\/label><\/span><\/span><\/span>\n\t<\/p>\n<\/div>\n<div class=\"et_contact_bottom_container\">\n\t<div style=\"margin-bottom:20px;margin-top:20px;\">\n\t\t<p>Captcha <span class=\"wpcf7-form-control-wrap captcha-910\"><input size=\"2\" maxlength=\"2\" class=\"wpcf7-form-control wpcf7-mathcaptcha\" aria-required=\"true\" type=\"text\" name=\"captcha-910\" value=\"\" \/> + 64 = 7&#51;<\/span><input type=\"hidden\" value=\"1\" name=\"captcha-910-sn\" \/>\n\t\t<\/p>\n\t<\/div>\n\t<p><input class=\"wpcf7-form-control wpcf7-submit has-spinner et_pb_contact_submit et_pb_button\" type=\"submit\" value=\"Enviar\" \/>\n\t<\/p>\n<\/div><div class=\"wpcf7-response-output\" aria-hidden=\"true\"><\/div>\n<\/form>\n<\/div>\nM\u00e1s info Direcci\u00f3n: C\/ Barcelona s\/n 43500 Tortosa. TGN Tel\u00e9fono: +34 977 445 339 M\u00f3vil: +34 607 333 789<\/p>\n","protected":false},"author":2,"featured_media":0,"parent":0,"menu_order":0,"comment_status":"closed","ping_status":"closed","template":"","meta":{"_et_pb_use_builder":"on","_et_pb_old_content":"","_et_gb_content_width":"","footnotes":""},"class_list":["post-1449","page","type-page","status-publish","hentry"],"yoast_head":"<!-- This site is optimized with the Yoast SEO plugin v27.5 - https:\/\/yoast.com\/product\/yoast-seo-wordpress\/ -->\n<title>Contacto - Preguntas, dudas y sugerencias a Also Casals<\/title>\n<meta name=\"description\" content=\"Si tienes alguna pregunta, duda, sugerencia o deseas ponerte en contacto con Also Casals, rellena el formulario que encontrar\u00e1s aqu\u00ed\" \/>\n<meta name=\"robots\" content=\"index, follow, max-snippet:-1, max-image-preview:large, max-video-preview:-1\" \/>\n<link rel=\"canonical\" href=\"https:\/\/www.ac-inst.com\/es\/contacto\/\" \/>\n<meta property=\"og:locale\" content=\"es_ES\" \/>\n<meta property=\"og:type\" content=\"article\" \/>\n<meta property=\"og:title\" content=\"Contacto - Preguntas, dudas y sugerencias a Also Casals\" \/>\n<meta property=\"og:description\" content=\"Si tienes alguna pregunta, duda, sugerencia o deseas ponerte en contacto con Also Casals, rellena el formulario que encontrar\u00e1s aqu\u00ed\" \/>\n<meta property=\"og:url\" content=\"https:\/\/www.ac-inst.com\/es\/contacto\/\" \/>\n<meta property=\"og:site_name\" content=\"Also Casals\" \/>\n<meta property=\"article:modified_time\" content=\"2023-07-10T06:47:36+00:00\" \/>\n<meta name=\"twitter:card\" content=\"summary_large_image\" \/>\n<meta name=\"twitter:label1\" content=\"Tiempo de lectura\" \/>\n\t<meta name=\"twitter:data1\" content=\"1 minuto\" \/>\n<script type=\"application\/ld+json\" class=\"yoast-schema-graph\">{\"@context\":\"https:\\\/\\\/schema.org\",\"@graph\":[{\"@type\":\"WebPage\",\"@id\":\"https:\\\/\\\/www.ac-inst.com\\\/es\\\/contacto\\\/\",\"url\":\"https:\\\/\\\/www.ac-inst.com\\\/es\\\/contacto\\\/\",\"name\":\"Contacto - Preguntas, dudas y sugerencias a Also Casals\",\"isPartOf\":{\"@id\":\"https:\\\/\\\/www.ac-inst.com\\\/#website\"},\"datePublished\":\"2019-02-07T11:32:49+00:00\",\"dateModified\":\"2023-07-10T06:47:36+00:00\",\"description\":\"Si tienes alguna pregunta, duda, sugerencia o deseas ponerte en contacto con Also Casals, rellena el formulario que encontrar\u00e1s aqu\u00ed\",\"inLanguage\":\"es\",\"potentialAction\":[{\"@type\":\"ReadAction\",\"target\":[\"https:\\\/\\\/www.ac-inst.com\\\/es\\\/contacto\\\/\"]}]},{\"@type\":\"WebSite\",\"@id\":\"https:\\\/\\\/www.ac-inst.com\\\/#website\",\"url\":\"https:\\\/\\\/www.ac-inst.com\\\/\",\"name\":\"Also Casals\",\"description\":\"Serveis Integrals d&#039;instal\u00b7lacions a les terres de l&#039;Ebre\",\"potentialAction\":[{\"@type\":\"SearchAction\",\"target\":{\"@type\":\"EntryPoint\",\"urlTemplate\":\"https:\\\/\\\/www.ac-inst.com\\\/?s={search_term_string}\"},\"query-input\":{\"@type\":\"PropertyValueSpecification\",\"valueRequired\":true,\"valueName\":\"search_term_string\"}}],\"inLanguage\":\"es\"}]}<\/script>\n<!-- \/ Yoast SEO plugin. -->","yoast_head_json":{"title":"Contacto - Preguntas, dudas y sugerencias a Also Casals","description":"Si tienes alguna pregunta, duda, sugerencia o deseas ponerte en contacto con Also Casals, rellena el formulario que encontrar\u00e1s aqu\u00ed","robots":{"index":"index","follow":"follow","max-snippet":"max-snippet:-1","max-image-preview":"max-image-preview:large","max-video-preview":"max-video-preview:-1"},"canonical":"https:\/\/www.ac-inst.com\/es\/contacto\/","og_locale":"es_ES","og_type":"article","og_title":"Contacto - Preguntas, dudas y sugerencias a Also Casals","og_description":"Si tienes alguna pregunta, duda, sugerencia o deseas ponerte en contacto con Also Casals, rellena el formulario que encontrar\u00e1s aqu\u00ed","og_url":"https:\/\/www.ac-inst.com\/es\/contacto\/","og_site_name":"Also Casals","article_modified_time":"2023-07-10T06:47:36+00:00","twitter_card":"summary_large_image","twitter_misc":{"Tiempo de lectura":"1 minuto"},"schema":{"@context":"https:\/\/schema.org","@graph":[{"@type":"WebPage","@id":"https:\/\/www.ac-inst.com\/es\/contacto\/","url":"https:\/\/www.ac-inst.com\/es\/contacto\/","name":"Contacto - Preguntas, dudas y sugerencias a Also Casals","isPartOf":{"@id":"https:\/\/www.ac-inst.com\/#website"},"datePublished":"2019-02-07T11:32:49+00:00","dateModified":"2023-07-10T06:47:36+00:00","description":"Si tienes alguna pregunta, duda, sugerencia o deseas ponerte en contacto con Also Casals, rellena el formulario que encontrar\u00e1s aqu\u00ed","inLanguage":"es","potentialAction":[{"@type":"ReadAction","target":["https:\/\/www.ac-inst.com\/es\/contacto\/"]}]},{"@type":"WebSite","@id":"https:\/\/www.ac-inst.com\/#website","url":"https:\/\/www.ac-inst.com\/","name":"Also Casals","description":"Serveis Integrals d&#039;instal\u00b7lacions a les terres de l&#039;Ebre","potentialAction":[{"@type":"SearchAction","target":{"@type":"EntryPoint","urlTemplate":"https:\/\/www.ac-inst.com\/?s={search_term_string}"},"query-input":{"@type":"PropertyValueSpecification","valueRequired":true,"valueName":"search_term_string"}}],"inLanguage":"es"}]}},"_links":{"self":[{"href":"https:\/\/www.ac-inst.com\/es\/wp-json\/wp\/v2\/pages\/1449","targetHints":{"allow":["GET"]}}],"collection":[{"href":"https:\/\/www.ac-inst.com\/es\/wp-json\/wp\/v2\/pages"}],"about":[{"href":"https:\/\/www.ac-inst.com\/es\/wp-json\/wp\/v2\/types\/page"}],"author":[{"embeddable":true,"href":"https:\/\/www.ac-inst.com\/es\/wp-json\/wp\/v2\/users\/2"}],"replies":[{"embeddable":true,"href":"https:\/\/www.ac-inst.com\/es\/wp-json\/wp\/v2\/comments?post=1449"}],"version-history":[{"count":1,"href":"https:\/\/www.ac-inst.com\/es\/wp-json\/wp\/v2\/pages\/1449\/revisions"}],"predecessor-version":[{"id":8445,"href":"https:\/\/www.ac-inst.com\/es\/wp-json\/wp\/v2\/pages\/1449\/revisions\/8445"}],"wp:attachment":[{"href":"https:\/\/www.ac-inst.com\/es\/wp-json\/wp\/v2\/media?parent=1449"}],"curies":[{"name":"wp","href":"https:\/\/api.w.org\/{rel}","templated":true}]}}